{"id":303,"date":"2018-02-09T14:49:17","date_gmt":"2018-02-09T13:49:17","guid":{"rendered":"http:\/\/wacos.muwit.net\/impressum\/"},"modified":"2022-09-15T06:14:12","modified_gmt":"2022-09-15T04:14:12","slug":"colophon","status":"publish","type":"page","link":"https:\/\/www.wacos.eu\/it\/colophon\/","title":{"rendered":"Colophon"},"content":{"rendered":"<h1>Colophon<\/h1>\n<h2>WaCoS<\/h2>\n<p><strong>Michael Pramsohler<\/strong><\/p>\n<p><strong>Sede legale:<br \/>\n<\/strong>Via Tiso 2b<br \/>\n39040 Funes (BZ)<\/p>\n<p>Tel. +39 0472 847571<br \/>\nE-Mail: <a href=\"mailto:info@wacos.eu\">info@wacos.eu<\/a><\/p>\n<h2>Num. reg. Cam. di Commercio:<\/h2>\n<p>P.IVA 02580830210<\/p>\n<h2>Copyright per le immagini e grafiche utilizzate:<\/h2>\n<p>\u00a9 Michael Pramsohler<br \/>\n\u00a9 <a href=\"https:\/\/www.shutterstock.com\/de\/video\/gallery\/Watchara-Tongnoi-3423626\/\">Watchara Tongnoi<\/a><br \/>\n\u00a9 <a id=\"contributor-name\" class=\"trackit\" href=\"https:\/\/www.shutterstock.com\/de\/video\/gallery\/zol-studios-1506170\/\" data-trackit=\"detail:click:contributor name\">zol studios<\/a><\/p>\n<h2>Concetto e realizzazione<\/h2>\n<p>MUWit d. Sandra Stablum<br \/>\nCitt\u00e0 Alta 60<br \/>\n39043 Chiusa<\/p>\n<p>Tel. +39 347 1330206<\/p>\n<p>P.IVA IT02730810211<\/p>\n<p><a href=\"mailto:info@muwit.it\">info@muwit.it<br \/>\n<\/a><a href=\"http:\/\/www.muwit.it\">www.muwit.it<\/a><\/p>\n<h2>Responsabile per il contenuto:<\/h2>\n<p>WaCoS &#8211; Michael Pramsohler<\/p>\n<h2>Dichiarazione liberatoria:<\/h2>\n<p><strong>Responsabilit\u00e0 per i contenuti<br \/>\n<\/strong><\/p>\n<p>I contenuti delle nostre pagine sono stati redatti, elaborati e controllati scrupolosamente. Tuttavia, non ci assumiamo nessuna responsabilit\u00e0 per la correttezza, qualit\u00e0, completezza e attualit\u00e0 dei contenuti, poich\u00e9 non \u00e8 da escludere che siano cambiati nel tempo. Come prestatori di servizi siamo responsabili per i contenuti di queste pagine in base alla normativa vigente. Nella nostra qualit\u00e0 di prestatori di servizi non siamo per\u00f2 obbligati a controllare l\u2019esattezza di informazioni ricevute o salvate da terzi, o a controllare se sussistano irregolarit\u00e0 che indichino un\u2019attivit\u00e0 illegale. L\u2019obbligo di rimuovere o bloccare l\u2019utilizzo di informazioni secondo la normativa vigente rimane valido. L\u2019assunzione di tale responsabilit\u00e0 \u00e8 tuttavia possibile solamente dopo il momento dell\u2019effettivo riconoscimento da parte nostra di una concreta violazione di diritto. Alla presa d\u2019atto di tali violazioni di legge provvederemo immediatamente alla rimozione dei contenuti in questione.<\/p>\n<p>Si escludono di principio le rivendicazioni di responsabilit\u00e0 di qualsiasi tipo causate dall\u2019utilizzo di informazioni messe a disposizione, oppure da informazioni errate e\/o incomplete.<\/p>\n<p><strong>Responsabilit\u00e0 per i link<\/strong><br \/>\nLa nostra offerta contiene dei collegamenti ipertestuali con siti web esterni di terzi, sui cui contenuti non possiamo influire. Per questo motivo non forniamo nessuna garanzia sui contenuti dei siti web linkati, indipendentemente dal tipo e dalla natura. Ne \u00e8 responsabile solamente il relativo proprietario o gestore del sito. Un controllo permanente dei contenuti dei siti linkati al presente non \u00e8 fattibile senza concreti punti di riferimento. All\u2019avvenuta conoscenza d\u2019infrazioni contro la legge causate dai siti web linkati, i link in questione saranno subito rimossi.<\/p>\n<p><strong>Copyright<\/strong><br \/>\nTutti i contenuti e le opere creati dal web designer e dai gestori del sito sono protetti da copyright. La riproduzione, l\u2019alterazione, la distribuzione e qualsiasi forma di utilizzo, soprattutto per scopi commerciali, al di fuori dei limiti del diritto d\u2019autore, sono severamente vietate e ammesse esclusivamente previa autorizzazione scritta del relativo autore o creatore. Nel caso i contenuti di questa pagina non siano stati creati dal gestore, sono da rispettare i diritti di copyright di terzi. I contenuti redatti da terzi sono contrassegnati come tali. In caso doveste notare una violazione del copyright, vi preghiamo gentilmente di farci pervenire un\u2019apposita segnalazione. All\u2019atto di presa di conoscenza di tali violazioni di legge, i contenuti in questione saranno naturalmente rimossi subito, senza per\u00f2 assumerne nessuna responsabilit\u00e0.<\/p>\n","protected":false},"excerpt":{"rendered":"<p>Colophon WaCoS Michael Pramsohler Sede legale: Via Tiso 2b 39040 Funes (BZ) Tel. +39 0472 847571 E-Mail: info@wacos.eu Num. reg. Cam. di Commercio: P.IVA 02580830210 Copyright<span class=\"excerpt-hellip\"> [\u2026]<\/span><\/p>\n","protected":false},"author":1,"featured_media":0,"parent":0,"menu_order":0,"comment_status":"closed","ping_status":"closed","template":"","meta":{"footnotes":""},"class_list":["post-303","page","type-page","status-publish","hentry"],"yoast_head":"<!-- This site is optimized with the Yoast SEO plugin v23.1 - https:\/\/yoast.com\/wordpress\/plugins\/seo\/ -->\n<title>Colophon - Wacos<\/title>\n<meta name=\"robots\" content=\"noindex, follow\" \/>\n<meta name=\"twitter:label1\" content=\"Tempo di lettura stimato\" \/>\n\t<meta name=\"twitter:data1\" content=\"3 minuti\" \/>\n<script type=\"application\/ld+json\" class=\"yoast-schema-graph\">{\"@context\":\"https:\/\/schema.org\",\"@graph\":[{\"@type\":\"WebPage\",\"@id\":\"https:\/\/www.wacos.eu\/it\/colophon\/\",\"url\":\"https:\/\/www.wacos.eu\/it\/colophon\/\",\"name\":\"Colophon - Wacos\",\"isPartOf\":{\"@id\":\"https:\/\/www.wacos.eu\/en\/#website\"},\"datePublished\":\"2018-02-09T13:49:17+00:00\",\"dateModified\":\"2022-09-15T04:14:12+00:00\",\"breadcrumb\":{\"@id\":\"https:\/\/www.wacos.eu\/it\/colophon\/#breadcrumb\"},\"inLanguage\":\"it-IT\",\"potentialAction\":[{\"@type\":\"ReadAction\",\"target\":[\"https:\/\/www.wacos.eu\/it\/colophon\/\"]}]},{\"@type\":\"BreadcrumbList\",\"@id\":\"https:\/\/www.wacos.eu\/it\/colophon\/#breadcrumb\",\"itemListElement\":[{\"@type\":\"ListItem\",\"position\":1,\"name\":\"Startseite\",\"item\":\"https:\/\/www.wacos.eu\/it\/\"},{\"@type\":\"ListItem\",\"position\":2,\"name\":\"Colophon\"}]},{\"@type\":\"WebSite\",\"@id\":\"https:\/\/www.wacos.eu\/en\/#website\",\"url\":\"https:\/\/www.wacos.eu\/en\/\",\"name\":\"Wacos\",\"description\":\"Service und vorbeugende Wartung\",\"publisher\":{\"@id\":\"https:\/\/www.wacos.eu\/en\/#organization\"},\"potentialAction\":[{\"@type\":\"SearchAction\",\"target\":{\"@type\":\"EntryPoint\",\"urlTemplate\":\"https:\/\/www.wacos.eu\/en\/?s={search_term_string}\"},\"query-input\":\"required name=search_term_string\"}],\"inLanguage\":\"it-IT\"},{\"@type\":\"Organization\",\"@id\":\"https:\/\/www.wacos.eu\/en\/#organization\",\"name\":\"WaCoS\",\"url\":\"https:\/\/www.wacos.eu\/en\/\",\"logo\":{\"@type\":\"ImageObject\",\"inLanguage\":\"it-IT\",\"@id\":\"https:\/\/www.wacos.eu\/en\/#\/schema\/logo\/image\/\",\"url\":\"http:\/\/www.wacos.eu\/wp-content\/uploads\/2018\/02\/logo-wacos-big.png\",\"contentUrl\":\"http:\/\/www.wacos.eu\/wp-content\/uploads\/2018\/02\/logo-wacos-big.png\",\"width\":455,\"height\":303,\"caption\":\"WaCoS\"},\"image\":{\"@id\":\"https:\/\/www.wacos.eu\/en\/#\/schema\/logo\/image\/\"}}]}<\/script>\n<!-- \/ Yoast SEO plugin. -->","yoast_head_json":{"title":"Colophon - Wacos","robots":{"index":"noindex","follow":"follow"},"twitter_misc":{"Tempo di lettura stimato":"3 minuti"},"schema":{"@context":"https:\/\/schema.org","@graph":[{"@type":"WebPage","@id":"https:\/\/www.wacos.eu\/it\/colophon\/","url":"https:\/\/www.wacos.eu\/it\/colophon\/","name":"Colophon - Wacos","isPartOf":{"@id":"https:\/\/www.wacos.eu\/en\/#website"},"datePublished":"2018-02-09T13:49:17+00:00","dateModified":"2022-09-15T04:14:12+00:00","breadcrumb":{"@id":"https:\/\/www.wacos.eu\/it\/colophon\/#breadcrumb"},"inLanguage":"it-IT","potentialAction":[{"@type":"ReadAction","target":["https:\/\/www.wacos.eu\/it\/colophon\/"]}]},{"@type":"BreadcrumbList","@id":"https:\/\/www.wacos.eu\/it\/colophon\/#breadcrumb","itemListElement":[{"@type":"ListItem","position":1,"name":"Startseite","item":"https:\/\/www.wacos.eu\/it\/"},{"@type":"ListItem","position":2,"name":"Colophon"}]},{"@type":"WebSite","@id":"https:\/\/www.wacos.eu\/en\/#website","url":"https:\/\/www.wacos.eu\/en\/","name":"Wacos","description":"Service und vorbeugende Wartung","publisher":{"@id":"https:\/\/www.wacos.eu\/en\/#organization"},"potentialAction":[{"@type":"SearchAction","target":{"@type":"EntryPoint","urlTemplate":"https:\/\/www.wacos.eu\/en\/?s={search_term_string}"},"query-input":"required name=search_term_string"}],"inLanguage":"it-IT"},{"@type":"Organization","@id":"https:\/\/www.wacos.eu\/en\/#organization","name":"WaCoS","url":"https:\/\/www.wacos.eu\/en\/","logo":{"@type":"ImageObject","inLanguage":"it-IT","@id":"https:\/\/www.wacos.eu\/en\/#\/schema\/logo\/image\/","url":"http:\/\/www.wacos.eu\/wp-content\/uploads\/2018\/02\/logo-wacos-big.png","contentUrl":"http:\/\/www.wacos.eu\/wp-content\/uploads\/2018\/02\/logo-wacos-big.png","width":455,"height":303,"caption":"WaCoS"},"image":{"@id":"https:\/\/www.wacos.eu\/en\/#\/schema\/logo\/image\/"}}]}},"_links":{"self":[{"href":"https:\/\/www.wacos.eu\/it\/wp-json\/wp\/v2\/pages\/303"}],"collection":[{"href":"https:\/\/www.wacos.eu\/it\/wp-json\/wp\/v2\/pages"}],"about":[{"href":"https:\/\/www.wacos.eu\/it\/wp-json\/wp\/v2\/types\/page"}],"author":[{"embeddable":true,"href":"https:\/\/www.wacos.eu\/it\/wp-json\/wp\/v2\/users\/1"}],"replies":[{"embeddable":true,"href":"https:\/\/www.wacos.eu\/it\/wp-json\/wp\/v2\/comments?post=303"}],"version-history":[{"count":2,"href":"https:\/\/www.wacos.eu\/it\/wp-json\/wp\/v2\/pages\/303\/revisions"}],"predecessor-version":[{"id":480,"href":"https:\/\/www.wacos.eu\/it\/wp-json\/wp\/v2\/pages\/303\/revisions\/480"}],"wp:attachment":[{"href":"https:\/\/www.wacos.eu\/it\/wp-json\/wp\/v2\/media?parent=303"}],"curies":[{"name":"wp","href":"https:\/\/api.w.org\/{rel}","templated":true}]}}